{"id":47,"date":"2010-02-14T23:39:07","date_gmt":"2010-02-14T22:39:07","guid":{"rendered":"http:\/\/silent.org.pl\/home\/?page_id=47"},"modified":"2011-10-29T19:47:23","modified_gmt":"2011-10-29T18:47:23","slug":"kontakt","status":"publish","type":"page","link":"https:\/\/silent.org.pl\/home\/kontakt\/","title":{"rendered":"Kontakt"},"content":{"rendered":"<p>Kontakt:<\/p>\n<p>Je\u017celi masz jakiekolwiek pytania, skontaktuj si\u0119 ze mn\u0105, a ch\u0119tnie na nie odpowiem.<\/p>\n<p>e-mail:  silent (at) silent.org.pl<\/p>\n<p><!-- [**contact-form 1 \"Kontakt\"**] --><\/p>\n","protected":false},"excerpt":{"rendered":"<p>Kontakt: Je\u017celi masz jakiekolwiek pytania, skontaktuj si\u0119 ze mn\u0105, a ch\u0119tnie na nie odpowiem. e-mail: silent (at) silent.org.pl<\/p>\n","protected":false},"author":1,"featured_media":0,"parent":0,"menu_order":0,"comment_status":"closed","ping_status":"closed","template":"","meta":{"footnotes":""},"_links":{"self":[{"href":"https:\/\/silent.org.pl\/home\/wp-json\/wp\/v2\/pages\/47"}],"collection":[{"href":"https:\/\/silent.org.pl\/home\/wp-json\/wp\/v2\/pages"}],"about":[{"href":"https:\/\/silent.org.pl\/home\/wp-json\/wp\/v2\/types\/page"}],"author":[{"embeddable":true,"href":"https:\/\/silent.org.pl\/home\/wp-json\/wp\/v2\/users\/1"}],"replies":[{"embeddable":true,"href":"https:\/\/silent.org.pl\/home\/wp-json\/wp\/v2\/comments?post=47"}],"version-history":[{"count":8,"href":"https:\/\/silent.org.pl\/home\/wp-json\/wp\/v2\/pages\/47\/revisions"}],"predecessor-version":[{"id":199,"href":"https:\/\/silent.org.pl\/home\/wp-json\/wp\/v2\/pages\/47\/revisions\/199"}],"wp:attachment":[{"href":"https:\/\/silent.org.pl\/home\/wp-json\/wp\/v2\/media?parent=47"}],"curies":[{"name":"wp","href":"https:\/\/api.w.org\/{rel}","templated":true}]}}